{"id":139,"date":"2023-02-14T13:51:31","date_gmt":"2023-02-14T13:51:31","guid":{"rendered":"https:\/\/www.alixinternational.com\/?page_id=139"},"modified":"2024-05-23T09:52:09","modified_gmt":"2024-05-23T09:52:09","slug":"privacy-policy","status":"publish","type":"page","link":"https:\/\/www.alixinternational.com\/index.php\/privacy-policy\/","title":{"rendered":"Privacy Policy"},"content":{"rendered":"\n<p>Privacy Policy<\/p>\n\n\n\n<p>Questa Privacy Policy (d\u2019ora in avanti \u201cPolicy\u201d) descrive i dati personali raccolti o generati (elaborati) quando si utilizzano i siti web del Titolare del trattamento, d\u2019ora in avanti \u201cSiti\u201d). Questa Policy descrive le tipologie di dati personali che vengono raccolti al momento dell\u2019utilizzazione dei nostri Siti e il modo in cui i dati personali vengono raccolti, condivisi e protetti.<\/p>\n\n\n\n<p>Titolare del trattamento<\/p>\n\n\n\n<p>ALIX INTERNATIONAL SRL \u2013 Via Manzoni 19, 22070 Montano Lucino, Como, Italy \u2013 PI: 03953260134 Numero REA : CO-409157 \u2013 CODICE SDI: T04ZHR3 \u2013 +39 0315477409 \u2013 info@alixinternational.com<\/p>\n\n\n\n<p>I dati personali saranno conservati per il periodo di durata del contratto e, successivamente, per il tempo in cui il Titolare sia soggetto a obblighi di conservazione per finalit\u00e0 fiscali o per altre finalit\u00e0 previste da norme di legge o regolamento, la raccolta dati, effettuati per finalit\u00e0 di gestione commerciale, risponde in solido delle fasi di raccolta e successivo utilizzo dei dati personali e determina:<\/p>\n\n\n\n<p>come saranno conservati i dati<br>chi potr\u00e0 avere accesso alle informazioni conservate<br>quali azioni potranno essere effettuate.<\/p>\n\n\n\n<p>Finalit\u00e0 del trattamento<\/p>\n\n\n\n<p>Potranno essere richiesti alcuni dati personali al fine di fornire i prodotti o i servizi richiesti. Questi dati personali includono:<\/p>\n\n\n\n<p>Dati di contatto inclusi nome, cognome, e-mail, numero di telefono e spedizione, indirizzo di fatturazione, richieste<br>Informazioni di accesso e di account, inclusi nome della schermata, passworde ID utente univoco<br>Le tue preferenze personali tra cui le preferenze in tema di marketinge cookie.<\/p>\n\n\n\n<p>Utilizziamo i dati personali raccolti nei modi seguenti:<\/p>\n\n\n\n<p>Per garantire la migliore funzionalit\u00e0 dei Siti<br>Per comunicare informazioni sui nostri prodotti, servizi, eventi e per altri fini promozionali<br>Per svolgere, migliorare e mantenere la nostra attivit\u00e0, i prodotti ed i servizi<br>Per scopi generali di ricerca e analisi:<br>Utilizziamo i dati relativi a come i nostri visitatori utilizzano i nostri siti, app e servizi per comprendere il comportamento o le preferenze dei clienti. Ad esempio, possiamo utilizzare le informazioni su come i visitatori dei Siti cercano e trovano prodotti per capire quali possano essere i modi migliori per organizzare e presentare i prodotti.<br>Altre finalit\u00e0:<\/p>\n\n\n\n<p>Potremmo anche utilizzare i dati personali in altri modi e al momento della raccolta degli stessi daremo specifica comunicazione e richiederemo il consenso, ove necessario.<\/p>\n\n\n\n<p>Condivisione dei dati personali<\/p>\n\n\n\n<p>Il Titolare condivide i tuoi dati personali con:<\/p>\n\n\n\n<p>Fornitori di servizi che elaborano i dati personali per conto del Titolare, ad esempio per elaborare i dati, per l\u2019invio di e-mail, per la ricerca e le analisi, per gestire promozioni di prodotti, nonch\u00e9 amministrare determinati servizi.<br>Altri terzi nella misura necessaria a: (i) adeguarsi ad una richiesta del governo, un\u2019ordinanza del tribunale o per adempiere a leggi applicabili; (ii) impedire usi illegali dei nostri Siti; (iii) difendersi da rivendicazioni di terzi; e (iv) agevolare la prevenzione di frodi o l\u2019investigazione<\/p>\n\n\n\n<p>Protezione dei dati personali<\/p>\n\n\n\n<p>Crittografia e sicurezza: utilizziamo una variet\u00e0 di misure tecniche ed organizzative di sicurezza, ivi inclusi strumenti di crittografia e di autenticazione, per mantenere la sicurezza dei dati personali. I dati personali sono contenuti in reti protette e sono accessibili solo da un numero limitato di persone che hanno diritti speciali di accesso a questi sistemi.<\/p>\n\n\n\n<p>Trasferimenti internazionali di dati: i dati personali che raccogliamo o produciamo (elaboriamo) nel contesto dei nostri Siti saranno archiviati esclusivamente in Italia.<\/p>\n\n\n\n<p>Conservazione dei dati: conserviamo i dati personali per il tempo necessario al raggiungimento degli scopi per i quali vengono raccolti, salvo che sia diversamente previsto dalla legge.<\/p>\n\n\n\n<p>Diritti relativi ai dati personali: ha diritto di ottenere dal Titolare del trattamento la conferma che sia o meno in corso un trattamento di dati personali che lo riguardano e in tal caso ha il diritto di:<\/p>\n\n\n\n<p>ottenere l\u2019accesso ai dati personali, chiedere la rettifica o la cancellazione dei dati personali o la limitazione del trattamento dei dati personali che lo riguardano o di opporsi al loro trattamento;<br>di ricevere in un formato strutturato, di uso comune e leggibile da dispositivo automatico i dati personali che lo riguardano e ha il diritto di trasmettere tali dati a un altro titolare del trattamento (portabilit\u00e0 dei dati);<br>essere informato dell\u2019esistenza di un processo decisionale automatizzato, compresa la profilazione;<br>se espresso revocare il consenso in qualsiasi momento senza pregiudicare la liceit\u00e0 del trattamento basata sul consenso prestato prima della revoca;<br>proporre reclamo all\u2019autorit\u00e0 di controllo.<\/p>\n\n\n\n<p>Cookies<\/p>\n\n\n\n<p>Il Titolare riceve e registra informazioni provenienti dal tuo browser quando si usano i nostri Siti, che possono includere anche dati personali. Utilizziamo i cookie per raccogliere queste informazioni, che possono includere fra le altre anche: (i) indirizzo IP; (ii) unique cookie identifier, informazioni sui cookie e informazioni circa il fatto che il dispositivo disponga di software per accedere a determinate funzionalit\u00e0; (iii) unique device identifier e tipo di dispositivo; (iv) dominio, tipo di browser e lingua, (v) sistema operativo e impostazioni di sistema; (vi) paese e fuso orario; (vii) siti web precedentemente visitati; (viii) informazioni sulla vostra interazione con i nostri Siti, come i click effettuati, gli acquisti e le preferenze indicate; e (ix) tempi di accesso e URL di riferimento.<\/p>\n\n\n\n<p>Anche terze parti possono raccogliere informazioni dai Siti tramite cookie. Le terze parti raccolgono i dati direttamente dal vostro browser web e l\u2019elaborazione ed il trattamento di questi dati \u00e8 soggetta alle rispettive privacy policies.<\/p>\n\n\n\n<p>Utilizziamo cookie per monitorare l\u2019utilizzo dei Siti da parte dei nostri clienti e per comprendere le loro preferenze (come le scelte del paese e della lingua). Questo ci consente di fornire servizi ai nostri clienti e migliorare la loro esperienza online. Utilizziamo inoltre cookie per ottenere dati aggregati relativi al traffico del sito e relativi all\u2019interazione sul sito, per identificare le tendenze e ottenere statistiche in modo da poter sempre migliorare i nostri Siti. Esistono essenzialmente tre categorie di cookie utilizzati sui nostri siti:<\/p>\n\n\n\n<p>Funzionali: questi cookie sono necessari per le funzionalit\u00e0 di base del Sito e sono di conseguenza sempre abilitati. Questi includono i cookie che consentono di ricordare gli utenti nel momento in cui si naviga sul Sito in una singola sessione o, se richiesto, da una sessione all\u2019altra. Aiutano a fornire l\u2019assistenza per problemi di sicurezza e di conformit\u00e0 alle normative.<\/p>\n\n\n\n<p>Prestazioni: questi cookie consentono di migliorare la funzionalit\u00e0 dei nostri Siti monitorandone l\u2019utilizzo. In alcuni casi, questi cookie migliorano la velocit\u00e0 di elaborazione delle richieste e consentono di memorizzare le preferenze del sito selezionato. Rifiutare questi cookie pu\u00f2 portare a delle indicazioni poco specifiche e ad un funzionamento pi\u00f9 lento del sito.<\/p>\n\n\n\n<p>Social media e pubblicit\u00e0: i cookie relativi ai social media offrono la possibilit\u00e0 di connettersi ai social network e condividere contenuti dei nostri siti attraverso i social media. I cookie pubblicitari (di terze parti) raccolgono informazioni per aiutare ad adattare meglio la pubblicit\u00e0 ai vostri interessi, sia all\u2019interno che all\u2019esterno dei nostri Siti. In alcuni casi, questi cookie comportano il trattamento dei vostri dati personali. Rifiutare questi cookie pu\u00f2 comportare la visualizzazione di pubblicit\u00e0 di nessun interesse per te o l\u2019impossibilit\u00e0 di collegarsi in modo efficace con i social network e \/ o di condividere contenuti sui social media.<\/p>\n\n\n\n<p>Per un riepilogo completo e aggiornato di tutte le terze parti che accedono al web browser, \u00e8 consigliabile installare un web browser plug-in creato appositamente. Si pu\u00f2 anche scegliere che il computer invii un avviso ogni volta che viene inviato un cookie, oppure si pu\u00f2 scegliere di disattivare tutti i cookie. Lo si pu\u00f2 fare nelle impostazioni del browser su ciascun browser e dispositivo che viene utilizzato. Ogni browser \u00e8 in parte diverso, quindi si dovr\u00e0 consultare il menu guida del browser per conoscere il modo corretto di modificare i cookie. Se si disattivano i cookie, si potrebbe non avere accesso a molte funzionalit\u00e0 che rendono i nostri Siti pi\u00f9 efficienti e alcuni dei nostri servizi non funzioneranno correttamente.<\/p>\n\n\n\n<p>DOMANDE E FEEDBACKS<\/p>\n\n\n\n<p>Accogliamo con favore domande, commenti e dubbi sulla nostra Policy. Se si desidera fornire un feedback o se si hanno domande o dubbi ovvero si desideri esercitare i propri diritti relativi ai dati personali, preghiamo di contattare i riferimenti riportati nella sezione Titolare del trattamento<\/p>\n","protected":false},"excerpt":{"rendered":"<p>Privacy Policy Questa Privacy Policy (d\u2019ora in avanti \u201cPolicy\u201d) descrive i dati personali raccolti o generati (elaborati) quando si utilizzano i siti web del Titolare del trattamento, d\u2019ora in avanti \u201cSiti\u201d). Questa Policy descrive le tipologie di dati personali che vengono raccolti al momento dell\u2019utilizzazione&nbsp;<a class=\"read-more\" href=\"https:\/\/www.alixinternational.com\/index.php\/privacy-policy\/\">&hellip;<\/a><\/p>\n","protected":false},"author":1,"featured_media":0,"parent":0,"menu_order":0,"comment_status":"closed","ping_status":"closed","template":"","meta":{"footnotes":""},"class_list":["post-139","page","type-page","status-publish","hentry"],"_links":{"self":[{"href":"https:\/\/www.alixinternational.com\/index.php\/wp-json\/wp\/v2\/pages\/139","targetHints":{"allow":["GET"]}}],"collection":[{"href":"https:\/\/www.alixinternational.com\/index.php\/wp-json\/wp\/v2\/pages"}],"about":[{"href":"https:\/\/www.alixinternational.com\/index.php\/wp-json\/wp\/v2\/types\/page"}],"author":[{"embeddable":true,"href":"https:\/\/www.alixinternational.com\/index.php\/wp-json\/wp\/v2\/users\/1"}],"replies":[{"embeddable":true,"href":"https:\/\/www.alixinternational.com\/index.php\/wp-json\/wp\/v2\/comments?post=139"}],"version-history":[{"count":3,"href":"https:\/\/www.alixinternational.com\/index.php\/wp-json\/wp\/v2\/pages\/139\/revisions"}],"predecessor-version":[{"id":433,"href":"https:\/\/www.alixinternational.com\/index.php\/wp-json\/wp\/v2\/pages\/139\/revisions\/433"}],"wp:attachment":[{"href":"https:\/\/www.alixinternational.com\/index.php\/wp-json\/wp\/v2\/media?parent=139"}],"curies":[{"name":"wp","href":"https:\/\/api.w.org\/{rel}","templated":true}]}}